{"id":182,"date":"2019-05-30T17:45:27","date_gmt":"2019-05-30T17:45:27","guid":{"rendered":"https:\/\/theme.winnertheme.com\/anggita\/?page_id=182"},"modified":"2023-08-14T01:01:20","modified_gmt":"2023-08-14T05:01:20","slug":"home-modern-dark","status":"publish","type":"page","link":"https:\/\/www.gallegosproducciones.cl\/","title":{"rendered":"Inicio"},"content":{"rendered":"\t\t<div data-elementor-type=\"wp-post\" data-elementor-id=\"182\" class=\"elementor elementor-182\">\n\t\t\t\t\t\t\t\t\t<section class=\"elementor-section elementor-top-section elementor-element elementor-element-babe043 elementor-section-full_width elementor-section-height-full elementor-section-content-middle elementor-section-height-default elementor-section-items-middle\" data-id=\"babe043\" data-element_type=\"section\">\n\t\t\t\t\t\t<div class=\"elementor-container elementor-column-gap-no\">\n\t\t\t\t\t<div class=\"elementor-column elementor-col-100 elementor-top-column elementor-element elementor-element-9264883\" data-id=\"9264883\" data-element_type=\"column\">\n\t\t\t<div class=\"elementor-widget-wrap elementor-element-populated\">\n\t\t\t\t\t\t\t\t<div class=\"elementor-element elementor-element-b74e41d elementor-widget elementor-widget-rdn-slider\" data-id=\"b74e41d\" data-element_type=\"widget\" data-settings=\"{&quot;slider_speed&quot;:5000}\" data-widget_type=\"rdn-slider.default\">\n\t\t\t\t<div class=\"elementor-widget-container\">\n\t\t\t\r\n\r\n<div class=\"slider home-slider  ani-slider  clearfix\"\r\n    data-slick='{\"autoplaySpeed\": 5000}'>\r\n\r\n    \r\n    <div class=\"item slide clearfix\">\r\n\r\n        <div class=\"slider-img-bg\" data-animation=\"puffIn\" data-delay=\"0.2s\" data-animation-duration=\"0.7s\"\r\n            style=\"background-image:url(https:\/\/www.gallegosproducciones.cl\/wp-content\/uploads\/2023\/08\/WhatsApp-Image-2023-08-13-at-21.16.11.jpeg);\"><\/div>\r\n\r\n        <div class=\"slider-mask\" data-animation=\"slideUpReturn\" data-delay=\"0.1s\"><\/div>\r\n\r\n        <div class=\"caption-box clearfix\">\r\n\r\n            <div class=\"slider-box container-fluid\">\r\n                <div class=\"slider-content\">\r\n\r\n\r\n\r\n                    \r\n                                        <p class=\"slider-subtitle\" data-animation=\"fadeIn\" data-delay=\"1.5s\">\r\n                        Eventos Integrales - Producci\u00f3n general, t\u00e9cnica y audiovisual.                    <\/p>\r\n                    <div class=\"clearfix\"><\/div>\r\n                    \r\n                    <div class=\"slider-hidden\">\r\n                        <h3 class=\"slider-title\" data-animation=\"fadeInUp\" data-delay=\"0.8s\">\r\n                            EVENTOS INTEGRALES<\/h3>\r\n                    <\/div>\r\n                    <!--\/.slider-hidden-->\r\n\r\n\r\n                    \r\n                                        <p class=\"slider-text\" data-animation=\"fadeInDown\" data-delay=\"1s\">\r\n                        Todos los detalles a cargo de personal responsable y capacitado.                    <\/p>\r\n                    \r\n                                        <div class=\"btn-relative\" data-animation=\"swashIn\" data-delay=\"1.8s\" data-animation-duration=\"1s\">\r\n                        <a class=\"slider-btn\" href=\"#\">                        \r\n                        Sitio en desarrollo                        <\/a>\r\n                    <\/div>\r\n                    <!--\/.btn-relative-->\r\n                    \r\n                <\/div>\r\n                <!--\/.slider-content-->\r\n            <\/div>\r\n            <!--\/.slider-box-->\r\n\r\n\r\n\r\n        <\/div>\r\n        <!--\/.caption-box-->\r\n    <\/div>\r\n    <!--\/.slide-->\r\n\r\n    \r\n    <div class=\"item slide clearfix\">\r\n\r\n        <div class=\"slider-img-bg\" data-animation=\"puffIn\" data-delay=\"0.2s\" data-animation-duration=\"0.7s\"\r\n            style=\"background-image:url(https:\/\/www.gallegosproducciones.cl\/wp-content\/uploads\/2023\/08\/WhatsApp-Image-2023-08-13-at-21.52.04.jpeg);\"><\/div>\r\n\r\n        <div class=\"slider-mask\" data-animation=\"slideUpReturn\" data-delay=\"0.1s\"><\/div>\r\n\r\n        <div class=\"caption-box clearfix\">\r\n\r\n            <div class=\"slider-box container-fluid\">\r\n                <div class=\"slider-content\">\r\n\r\n\r\n\r\n                    \r\n                                        <p class=\"slider-subtitle\" data-animation=\"fadeIn\" data-delay=\"1.5s\">\r\n                        Eventos \u00fanicos con mobiliario y decoraci\u00f3n para t\u00fa evento.                    <\/p>\r\n                    <div class=\"clearfix\"><\/div>\r\n                    \r\n                    <div class=\"slider-hidden\">\r\n                        <h3 class=\"slider-title\" data-animation=\"fadeInUp\" data-delay=\"0.8s\">\r\n                            DECO AND LOUNGE<\/h3>\r\n                    <\/div>\r\n                    <!--\/.slider-hidden-->\r\n\r\n\r\n                    \r\n                    \r\n                                        <div class=\"btn-relative\" data-animation=\"swashIn\" data-delay=\"1.8s\" data-animation-duration=\"1s\">\r\n                        <a class=\"slider-btn\" href=\"#\">                        \r\n                        Sitio en desarrollo                        <\/a>\r\n                    <\/div>\r\n                    <!--\/.btn-relative-->\r\n                    \r\n                <\/div>\r\n                <!--\/.slider-content-->\r\n            <\/div>\r\n            <!--\/.slider-box-->\r\n\r\n\r\n\r\n        <\/div>\r\n        <!--\/.caption-box-->\r\n    <\/div>\r\n    <!--\/.slide-->\r\n\r\n    \r\n    <div class=\"item slide clearfix\">\r\n\r\n        <div class=\"slider-img-bg\" data-animation=\"puffIn\" data-delay=\"0.2s\" data-animation-duration=\"0.7s\"\r\n            style=\"background-image:url(https:\/\/www.gallegosproducciones.cl\/wp-content\/uploads\/2023\/08\/portrait-of-concert-lights-on-music-stage-2021-08-26-17-35-02-utc-scaled.jpg);\"><\/div>\r\n\r\n        <div class=\"slider-mask\" data-animation=\"slideUpReturn\" data-delay=\"0.1s\"><\/div>\r\n\r\n        <div class=\"caption-box clearfix\">\r\n\r\n            <div class=\"slider-box container-fluid\">\r\n                <div class=\"slider-content\">\r\n\r\n\r\n\r\n                    \r\n                                        <p class=\"slider-subtitle\" data-animation=\"fadeIn\" data-delay=\"1.5s\">\r\n                        Eventos Integrales - Producci\u00f3n general, t\u00e9cnica y audiovisual.                    <\/p>\r\n                    <div class=\"clearfix\"><\/div>\r\n                    \r\n                    <div class=\"slider-hidden\">\r\n                        <h3 class=\"slider-title\" data-animation=\"fadeInUp\" data-delay=\"0.8s\">\r\n                            EVENTOS INTEGRALES<\/h3>\r\n                    <\/div>\r\n                    <!--\/.slider-hidden-->\r\n\r\n\r\n                    \r\n                                        <p class=\"slider-text\" data-animation=\"fadeInDown\" data-delay=\"1s\">\r\n                        Todos los detalles a cargo de personal responsable y capacitado.                    <\/p>\r\n                    \r\n                                        <div class=\"btn-relative\" data-animation=\"swashIn\" data-delay=\"1.8s\" data-animation-duration=\"1s\">\r\n                        <a class=\"slider-btn\" href=\"#\">                        \r\n                        Sitio en desarrollo                        <\/a>\r\n                    <\/div>\r\n                    <!--\/.btn-relative-->\r\n                    \r\n                <\/div>\r\n                <!--\/.slider-content-->\r\n            <\/div>\r\n            <!--\/.slider-box-->\r\n\r\n\r\n\r\n        <\/div>\r\n        <!--\/.caption-box-->\r\n    <\/div>\r\n    <!--\/.slide-->\r\n\r\n    \r\n    <div class=\"item slide clearfix\">\r\n\r\n        <div class=\"slider-img-bg\" data-animation=\"puffIn\" data-delay=\"0.2s\" data-animation-duration=\"0.7s\"\r\n            style=\"background-image:url(https:\/\/www.gallegosproducciones.cl\/wp-content\/uploads\/2023\/08\/WhatsApp-Image-2023-08-13-at-21.51.17.jpeg);\"><\/div>\r\n\r\n        <div class=\"slider-mask\" data-animation=\"slideUpReturn\" data-delay=\"0.1s\"><\/div>\r\n\r\n        <div class=\"caption-box clearfix\">\r\n\r\n            <div class=\"slider-box container-fluid\">\r\n                <div class=\"slider-content\">\r\n\r\n\r\n\r\n                    \r\n                                        <p class=\"slider-subtitle\" data-animation=\"fadeIn\" data-delay=\"1.5s\">\r\n                        Eventos \u00fanicos con mobiliario y decoraci\u00f3n para t\u00fa evento.                    <\/p>\r\n                    <div class=\"clearfix\"><\/div>\r\n                    \r\n                    <div class=\"slider-hidden\">\r\n                        <h3 class=\"slider-title\" data-animation=\"fadeInUp\" data-delay=\"0.8s\">\r\n                            DECO AND LOUNGE<\/h3>\r\n                    <\/div>\r\n                    <!--\/.slider-hidden-->\r\n\r\n\r\n                    \r\n                    \r\n                                        <div class=\"btn-relative\" data-animation=\"swashIn\" data-delay=\"1.8s\" data-animation-duration=\"1s\">\r\n                        <a class=\"slider-btn\" href=\"#\">                        \r\n                        Sitio en desarrollo                        <\/a>\r\n                    <\/div>\r\n                    <!--\/.btn-relative-->\r\n                    \r\n                <\/div>\r\n                <!--\/.slider-content-->\r\n            <\/div>\r\n            <!--\/.slider-box-->\r\n\r\n\r\n\r\n        <\/div>\r\n        <!--\/.caption-box-->\r\n    <\/div>\r\n    <!--\/.slide-->\r\n\r\n    <\/div>\r\n\r\n\r\n\t\t<\/div>\n\t\t\t\t<\/div>\n\t\t\t\t\t<\/div>\n\t\t<\/div>\n\t\t\t\t\t\t\t<\/div>\n\t\t<\/section>\n\t\t\t\t<section class=\"elementor-section elementor-top-section elementor-element elementor-element-fb853b5 elementor-section-full_width elementor-section-content-middle elementor-section-height-default elementor-section-height-default\" data-id=\"fb853b5\" data-element_type=\"section\" data-settings=\"{&quot;background_background&quot;:&quot;classic&quot;}\">\n\t\t\t\t\t\t<div class=\"elementor-container elementor-column-gap-no\">\n\t\t\t\t\t<div class=\"elementor-column elementor-col-25 elementor-top-column elementor-element elementor-element-b3c9aa8\" data-id=\"b3c9aa8\" data-element_type=\"column\" data-settings=\"{&quot;background_background&quot;:&quot;classic&quot;}\">\n\t\t\t<div class=\"elementor-widget-wrap elementor-element-populated\">\n\t\t\t\t\t<div class=\"elementor-background-overlay\"><\/div>\n\t\t\t\t\t\t\t\t<div class=\"elementor-element elementor-element-65dcf7f elementor-view-stacked elementor-shape-circle elementor-widget elementor-widget-icon\" data-id=\"65dcf7f\" data-element_type=\"widget\" data-widget_type=\"icon.default\">\n\t\t\t\t<div class=\"elementor-widget-container\">\n\t\t\t\t\t<div class=\"elementor-icon-wrapper\">\n\t\t\t<a class=\"elementor-icon elementor-animation-shrink\" href=\"#\">\n\t\t\t<i aria-hidden=\"true\" class=\"fas fa-check-square\"><\/i>\t\t\t<\/a>\n\t\t<\/div>\n\t\t\t\t<\/div>\n\t\t\t\t<\/div>\n\t\t\t\t\t<\/div>\n\t\t<\/div>\n\t\t\t\t<div class=\"elementor-column elementor-col-25 elementor-top-column elementor-element elementor-element-7574626\" data-id=\"7574626\" data-element_type=\"column\" data-settings=\"{&quot;background_background&quot;:&quot;classic&quot;}\">\n\t\t\t<div class=\"elementor-widget-wrap elementor-element-populated\">\n\t\t\t\t\t\t\t\t<div class=\"elementor-element elementor-element-0bd8308 elementor-widget elementor-widget-anggita-texticon\" data-id=\"0bd8308\" data-element_type=\"widget\" data-widget_type=\"anggita-texticon.default\">\n\t\t\t\t<div class=\"elementor-widget-container\">\n\t\t\t\r\n<div class=\"box-with-icon\">\r\n    <i class=\"anggita-icon fa fa fa-microphone\"><\/i>\r\n    <h3 class=\"icon-title\">Producci\u00f3n T\u00e9cnica<\/h3>\r\n\r\n        <p class=\"box-sub-title icon-subtitle\">Producci\u00f3n<\/p>\r\n    \r\n    <div class=\"icon-text\"><p>Tenemos la T\u00e9cnica necesaria para todos tus eventos.<\/p><\/div>\r\n\r\n\r\n\r\n    \r\n\r\n<\/div>\r\n<!--\/.box-small-icon-->\r\n\r\n\r\n\r\n\t\t<\/div>\n\t\t\t\t<\/div>\n\t\t\t\t<div class=\"elementor-element elementor-element-5aa2447 elementor-view-stacked elementor-shape-circle elementor-widget elementor-widget-icon\" data-id=\"5aa2447\" data-element_type=\"widget\" data-widget_type=\"icon.default\">\n\t\t\t\t<div class=\"elementor-widget-container\">\n\t\t\t\t\t<div class=\"elementor-icon-wrapper\">\n\t\t\t<a class=\"elementor-icon elementor-animation-shrink\" href=\"#\">\n\t\t\t<i aria-hidden=\"true\" class=\"fas fa-star\"><\/i>\t\t\t<\/a>\n\t\t<\/div>\n\t\t\t\t<\/div>\n\t\t\t\t<\/div>\n\t\t\t\t\t<\/div>\n\t\t<\/div>\n\t\t\t\t<div class=\"elementor-column elementor-col-25 elementor-top-column elementor-element elementor-element-8d75b09\" data-id=\"8d75b09\" data-element_type=\"column\" data-settings=\"{&quot;background_background&quot;:&quot;classic&quot;}\">\n\t\t\t<div class=\"elementor-widget-wrap elementor-element-populated\">\n\t\t\t\t\t<div class=\"elementor-background-overlay\"><\/div>\n\t\t\t\t\t\t\t\t<div class=\"elementor-element elementor-element-dbb957f elementor-view-stacked elementor-shape-circle elementor-widget elementor-widget-icon\" data-id=\"dbb957f\" data-element_type=\"widget\" data-widget_type=\"icon.default\">\n\t\t\t\t<div class=\"elementor-widget-container\">\n\t\t\t\t\t<div class=\"elementor-icon-wrapper\">\n\t\t\t<a class=\"elementor-icon elementor-animation-shrink\" href=\"#\">\n\t\t\t<i aria-hidden=\"true\" class=\"fas fa-check-square\"><\/i>\t\t\t<\/a>\n\t\t<\/div>\n\t\t\t\t<\/div>\n\t\t\t\t<\/div>\n\t\t\t\t\t<\/div>\n\t\t<\/div>\n\t\t\t\t<div class=\"elementor-column elementor-col-25 elementor-top-column elementor-element elementor-element-396252a\" data-id=\"396252a\" data-element_type=\"column\" data-settings=\"{&quot;background_background&quot;:&quot;classic&quot;}\">\n\t\t\t<div class=\"elementor-widget-wrap elementor-element-populated\">\n\t\t\t\t\t\t\t\t<div class=\"elementor-element elementor-element-5eef8b1 elementor-widget elementor-widget-anggita-texticon\" data-id=\"5eef8b1\" data-element_type=\"widget\" data-widget_type=\"anggita-texticon.default\">\n\t\t\t\t<div class=\"elementor-widget-container\">\n\t\t\t\r\n<div class=\"box-with-icon\">\r\n    <i class=\"anggita-icon fa fa fa-magic\"><\/i>\r\n    <h3 class=\"icon-title\">Deco &amp; Lunge<\/h3>\r\n\r\n        <p class=\"box-sub-title icon-subtitle\">Decoraci\u00f3n para eventos<\/p>\r\n    \r\n    <div class=\"icon-text\"><p>Todos los muebles, sillas y mesas, luces arquitect\u00f3nicas y temas especiales.<\/p><\/div>\r\n\r\n\r\n\r\n    \r\n\r\n<\/div>\r\n<!--\/.box-small-icon-->\r\n\r\n\r\n\r\n\t\t<\/div>\n\t\t\t\t<\/div>\n\t\t\t\t<div class=\"elementor-element elementor-element-5821aeb elementor-view-stacked elementor-shape-circle elementor-widget elementor-widget-icon\" data-id=\"5821aeb\" data-element_type=\"widget\" data-widget_type=\"icon.default\">\n\t\t\t\t<div class=\"elementor-widget-container\">\n\t\t\t\t\t<div class=\"elementor-icon-wrapper\">\n\t\t\t<a class=\"elementor-icon elementor-animation-shrink\" href=\"#\">\n\t\t\t<i aria-hidden=\"true\" class=\"fas fa-star\"><\/i>\t\t\t<\/a>\n\t\t<\/div>\n\t\t\t\t<\/div>\n\t\t\t\t<\/div>\n\t\t\t\t\t<\/div>\n\t\t<\/div>\n\t\t\t\t\t\t\t<\/div>\n\t\t<\/section>\n\t\t\t\t<section class=\"elementor-section elementor-top-section elementor-element elementor-element-73920b9 elementor-section-boxed elementor-section-height-default elementor-section-height-default\" data-id=\"73920b9\" data-element_type=\"section\" data-settings=\"{&quot;background_background&quot;:&quot;classic&quot;}\">\n\t\t\t\t\t\t\t<div class=\"elementor-background-overlay\"><\/div>\n\t\t\t\t\t\t\t<div class=\"elementor-container elementor-column-gap-extended\">\n\t\t\t\t\t<div class=\"elementor-column elementor-col-50 elementor-top-column elementor-element elementor-element-b005582\" data-id=\"b005582\" data-element_type=\"column\">\n\t\t\t<div class=\"elementor-widget-wrap\">\n\t\t\t\t\t\t\t\t\t<\/div>\n\t\t<\/div>\n\t\t\t\t<div class=\"elementor-column elementor-col-50 elementor-top-column elementor-element elementor-element-f343f37\" data-id=\"f343f37\" data-element_type=\"column\">\n\t\t\t<div class=\"elementor-widget-wrap elementor-element-populated\">\n\t\t\t\t\t\t\t\t<div class=\"elementor-element elementor-element-0cc6e15 elementor-widget elementor-widget-anggita-title\" data-id=\"0cc6e15\" data-element_type=\"widget\" data-widget_type=\"anggita-title.default\">\n\t\t\t\t<div class=\"elementor-widget-container\">\n\t\t\t<h2 class=\"content-title\">Sitio en remodelaci\u00f3n.<\/h2>\t\t<\/div>\n\t\t\t\t<\/div>\n\t\t\t\t<div class=\"elementor-element elementor-element-6147a29 animated-fast elementor-invisible elementor-widget elementor-widget-text-editor\" data-id=\"6147a29\" data-element_type=\"widget\" data-settings=\"{&quot;_animation&quot;:&quot;fadeInUp&quot;,&quot;_animation_delay&quot;:100}\" data-widget_type=\"text-editor.default\">\n\t\t\t\t<div class=\"elementor-widget-container\">\n\t\t\t<style>\/*! elementor - v3.15.0 - 09-08-2023 *\/\n.elementor-widget-text-editor.elementor-drop-cap-view-stacked .elementor-drop-cap{background-color:#69727d;color:#fff}.elementor-widget-text-editor.elementor-drop-cap-view-framed .elementor-drop-cap{color:#69727d;border:3px solid;background-color:transparent}.elementor-widget-text-editor:not(.elementor-drop-cap-view-default) .elementor-drop-cap{margin-top:8px}.elementor-widget-text-editor:not(.elementor-drop-cap-view-default) .elementor-drop-cap-letter{width:1em;height:1em}.elementor-widget-text-editor .elementor-drop-cap{float:left;text-align:center;line-height:1;font-size:50px}.elementor-widget-text-editor .elementor-drop-cap-letter{display:inline-block}<\/style>\t\t\t\t<p>Estamos en desarrollo&#8230;<\/p>\t\t\t\t\t\t<\/div>\n\t\t\t\t<\/div>\n\t\t\t\t<div class=\"elementor-element elementor-element-a9058b7 elementor-widget elementor-widget-text-editor\" data-id=\"a9058b7\" data-element_type=\"widget\" data-widget_type=\"text-editor.default\">\n\t\t\t\t<div class=\"elementor-widget-container\">\n\t\t\t\t\t\t\t<p>Puedes solicitar una cotizaci\u00f3n y te responderemos a la brevedad con la mejor relaci\u00f3n precio\/calidad.<\/p>\t\t\t\t\t\t<\/div>\n\t\t\t\t<\/div>\n\t\t\t\t<div class=\"elementor-element elementor-element-7128256 elementor-icon-list--layout-traditional elementor-list-item-link-full_width elementor-widget elementor-widget-icon-list\" data-id=\"7128256\" data-element_type=\"widget\" data-widget_type=\"icon-list.default\">\n\t\t\t\t<div class=\"elementor-widget-container\">\n\t\t\t<link rel=\"stylesheet\" href=\"https:\/\/www.gallegosproducciones.cl\/wp-content\/plugins\/elementor\/assets\/css\/widget-icon-list.min.css\">\t\t<ul class=\"elementor-icon-list-items\">\n\t\t\t\t\t\t\t<li class=\"elementor-icon-list-item\">\n\t\t\t\t\t\t\t\t\t\t\t<span class=\"elementor-icon-list-icon\">\n\t\t\t\t\t\t\t<i aria-hidden=\"true\" class=\"far fa-check-circle\"><\/i>\t\t\t\t\t\t<\/span>\n\t\t\t\t\t\t\t\t\t\t<span class=\"elementor-icon-list-text\">ventas@gallegosproducciones.cl<\/span>\n\t\t\t\t\t\t\t\t\t<\/li>\n\t\t\t\t\t\t\t\t<li class=\"elementor-icon-list-item\">\n\t\t\t\t\t\t\t\t\t\t\t<span class=\"elementor-icon-list-icon\">\n\t\t\t\t\t\t\t<i aria-hidden=\"true\" class=\"far fa-check-circle\"><\/i>\t\t\t\t\t\t<\/span>\n\t\t\t\t\t\t\t\t\t\t<span class=\"elementor-icon-list-text\">deco@gallegosproducciones.cl<\/span>\n\t\t\t\t\t\t\t\t\t<\/li>\n\t\t\t\t\t\t\t\t<li class=\"elementor-icon-list-item\">\n\t\t\t\t\t\t\t\t\t\t\t<span class=\"elementor-icon-list-icon\">\n\t\t\t\t\t\t\t<i aria-hidden=\"true\" class=\"far fa-check-circle\"><\/i>\t\t\t\t\t\t<\/span>\n\t\t\t\t\t\t\t\t\t\t<span class=\"elementor-icon-list-text\">gallegos@gallegosproducciones.cl<\/span>\n\t\t\t\t\t\t\t\t\t<\/li>\n\t\t\t\t\t\t<\/ul>\n\t\t\t\t<\/div>\n\t\t\t\t<\/div>\n\t\t\t\t\t<\/div>\n\t\t<\/div>\n\t\t\t\t\t\t\t<\/div>\n\t\t<\/section>\n\t\t\t\t\t\t\t<\/div>\n\t\t","protected":false},"excerpt":{"rendered":"<p>Eventos Integrales &#8211; Producci\u00f3n general, t\u00e9cnica y audiovisual. EVENTOS INTEGRALES Todos los detalles a cargo de personal responsable y capacitado. Sitio en desarrollo Eventos \u00fanicos con mobiliario y decoraci\u00f3n para t\u00fa evento. DECO AND LOUNGE Sitio en desarrollo Eventos Integrales &#8211; Producci\u00f3n general, t\u00e9cnica y audiovisual. EVENTOS INTEGRALES Todos los detalles a cargo de personal responsable y capacitado. Sitio en &hellip;<\/p>\n","protected":false},"author":1,"featured_media":0,"parent":0,"menu_order":0,"comment_status":"closed","ping_status":"closed","template":"blank-builder.php","meta":{"_monsterinsights_skip_tracking":false,"_monsterinsights_sitenote_active":false,"_monsterinsights_sitenote_note":"","_monsterinsights_sitenote_category":0,"footnotes":""},"class_list":["post-182","page","type-page","status-publish","hentry"],"aioseo_notices":[],"_links":{"self":[{"href":"https:\/\/www.gallegosproducciones.cl\/index.php\/wp-json\/wp\/v2\/pages\/182","targetHints":{"allow":["GET"]}}],"collection":[{"href":"https:\/\/www.gallegosproducciones.cl\/index.php\/wp-json\/wp\/v2\/pages"}],"about":[{"href":"https:\/\/www.gallegosproducciones.cl\/index.php\/wp-json\/wp\/v2\/types\/page"}],"author":[{"embeddable":true,"href":"https:\/\/www.gallegosproducciones.cl\/index.php\/wp-json\/wp\/v2\/users\/1"}],"replies":[{"embeddable":true,"href":"https:\/\/www.gallegosproducciones.cl\/index.php\/wp-json\/wp\/v2\/comments?post=182"}],"version-history":[{"count":58,"href":"https:\/\/www.gallegosproducciones.cl\/index.php\/wp-json\/wp\/v2\/pages\/182\/revisions"}],"predecessor-version":[{"id":619,"href":"https:\/\/www.gallegosproducciones.cl\/index.php\/wp-json\/wp\/v2\/pages\/182\/revisions\/619"}],"wp:attachment":[{"href":"https:\/\/www.gallegosproducciones.cl\/index.php\/wp-json\/wp\/v2\/media?parent=182"}],"curies":[{"name":"wp","href":"https:\/\/api.w.org\/{rel}","templated":true}]}}